{"id":777,"date":"2014-12-08T17:07:13","date_gmt":"2014-12-08T17:07:13","guid":{"rendered":"http:\/\/blog.vanhove.fr\/?page_id=777"},"modified":"2015-03-02T12:29:49","modified_gmt":"2015-03-02T12:29:49","slug":"bibliographie","status":"publish","type":"page","link":"https:\/\/blog.vanhove.fr\/?page_id=777","title":{"rendered":"Bibliographie"},"content":{"rendered":"<p><span style=\"text-decoration: underline;\"><strong><span style=\"font-size: 24pt;\">Bibliographie:<br \/>\n<\/span><\/strong><\/span><br \/>\nVoici une bibliographie de livres int\u00e9ressants que j&#8217;ai utilis\u00e9 au cours des ann\u00e9es. Ceci n&#8217;est que le d\u00e9but, je dois rajouter beaucoup de nouveaut\u00e9s ici. On me demande souvent de donner des conseils pour l&#8217;achat d&#8217;un bon livre sur l&#8217;aromath\u00e9rapie, t\u00e2che difficile pour un professionnel comme moi (rarement compl\u00e8tement satisfait), mais j&#8217;essayerai de dresser une liste avec des livres r\u00e9cents.<br \/>\n<em><strong>Michel Vanhove<\/strong><\/em><\/p>\n<p><strong>-Huiles essentielles, hydrolats, Viaud Henri, distillateur<\/strong><br \/>\nISBN 2\u2011901696\u201133\u20113<br \/>\n1983\u2011\u00c9ditions Pr\u00e9sence, Sisteron<\/p>\n<p><strong>-Les huiles essentielles et comment les utiliser, Balz, Rudolph<\/strong><br \/>\nISBN 2\u2011221\u201100829\u20114<br \/>\nEygluy\u2011l&#8217;Escoulin, 1986<\/p>\n<p><strong>-Aromath\u00e9rapie, Nelly Grosjean<\/strong><br \/>\nISBN 2\u20117027\u20110351\u20118<br \/>\nEditions Chiron, Paris,1986<\/p>\n<p><strong>-La m\u00e9decine aromatique, Bardeau Fabrice\u2011Fresneau Max<\/strong><br \/>\n\u00c9ditions Laffont, Paris, 1976<\/p>\n<p><strong>-Aromath\u00e9rapie, Jean Valnet<\/strong><br \/>\n\u00c9ditions Maloine, Paris, 1964<\/p>\n<p><strong>-L&#8217;aromath\u00e9rapie exactement, P. Franchomme, Docteur D. P\u00e9noel<\/strong><br \/>\nRoger Jollois \u00c9diteur 1990<br \/>\nISBN: 2\u201187819\u2011001\u20117<\/p>\n<p><strong>-M\u00e9decine aromatique, medecine plan\u00e9taire, Docteur D. P\u00e9noel<\/strong><br \/>\n-Roger Jollois \u00c9diteur 1991<br \/>\nISBN: 2\u201187928\u2011002\u20118<\/p>\n<p><strong>&#8211; Aromath\u00e9rapie v\u00e9t\u00e9rinaire, Nelly Grosjean<\/strong><br \/>\nEditions La cheveche<br \/>\nISBN: 2\u20119504286\u20114\u20119<\/p>\n<p><strong>&#8211; Les huiles essentielles pour votre sant\u00e9, Guy Roulier<\/strong><br \/>\nEditions Dangles, 1990<br \/>\nISBN: 2\u20117033\u20110346\u20117<\/p>\n<p><strong>&#8211; La nouvelle aromath\u00e9rapie, Mailhebiau, Philippe<\/strong><br \/>\nEditions Vie Nouvelle<br \/>\nISBN: 2\u2011906956\u201101\u20115<\/p>\n<p><strong>-Les Huiles Essentielles, 1900<\/strong><br \/>\nE. Gildemeister und Fr. Hoffmann<br \/>\nSchimmel &amp; Companie, Leipzig<\/p>\n<p><strong>-Les Huiles Essentielles, 1928<\/strong><br \/>\nE. Gildemeister und Fr. Hoffmann<br \/>\nSchimmel &amp; Companie, Leipzig<\/p>\n<p><strong>-Die Atharische Ole, 1930<\/strong><br \/>\nE. Gildemeister und Fr. Hoffmann<br \/>\nSchimmel &amp; Companie, Leipzig<\/p>\n<p><strong>-Huiles essentielles<\/strong><br \/>\nRecueil de normes Fran\u00e7aises 1992<\/p>\n<p>ISBN 2-12-177541-2 (4e \u00c9dition)<\/p>\n<p><strong>-&#8220;Guide des Plantes M\u00e9decinales&#8221;, volume 1 en 2<\/strong><br \/>\nDr G Pamplone Roger<br \/>\nEditions Vie et Sant\u00e9<br \/>\nISBN 2-85743-206-2<\/p>\n<p><strong>-&#8220;Trait\u00e9 pratique &amp; raisonn\u00e9 des plantes m\u00e9dicinales indig\u00e8nes&#8221;<\/strong><br \/>\nF.-J. Cazin, 1868<br \/>\nR\u00e9\u00e9dition int\u00e9grale par Pierre Lieutaghi<br \/>\n1997\u00a0 \u00c9dition de l&#8217; Envol<\/p>\n<p><strong>-&#8220;Plantes m\u00e9dicinales&#8221;<\/strong><\/p>\n<p>Grund, Paris 1984<br \/>\nISBN 2-7000-1515-0<\/p>\n<p><!--nextpage--><\/p>\n<p><strong><span style=\"font-size: 18pt;\">English:<\/span><\/strong><\/p>\n<p><strong>-Dr. Brian Lawrence, Essential oils 5 tomes (1976-1994)<\/strong><br \/>\nPublished by Allured Publishing Corporation<br \/>\n214 West Willow, P.O. Box 318, Wheaton, Illinois 60187, USA<br \/>\nTelephone 312\/653-2155, Fax 312\/653-2192<\/p>\n<p><strong>-&#8220;The essential oils&#8221; Guenther, volume 1 \u00e0 6.<\/strong><br \/>\nRobert Krieger Publishing Company, INC<br \/>\nKrieger Drive<br \/>\nMalabar, Florida 32950<br \/>\nUSA<\/p>\n<p><strong>-Perfume and Flavore Materials of Natural Origin<\/strong><br \/>\nSteffen Arctander<br \/>\nAllured Publishing Corporation<\/p>\n<p><strong>-The Aromatherapy Practitioner Reference Manual, <\/strong>Sheppard\u2011Hanger, Sylla<br \/>\nAvailable from the Atlantic Institute of Aromatherapy, 16018 Saddlestring Dr.,Tampa, FL 33618 USA<\/p>\n<p><strong>-Complete Book of Essential Oils &amp; Aromatherapy by Valerie Worwood<\/strong><br \/>\n(this is the US version of Fragrant Pharmacy) &#8211; over 600 recipes)<\/p>\n<p><strong>-Aromatherapy for Health Professionals by Shirley Price<\/strong><\/p>\n<p><strong>Essential Oil Safety: A Guide for Health Care Professionals\u2011 Robert Tisserand <\/strong>and Tony Balacs<\/p>\n<p><strong>-Plant Aromatics \u2011 A Data &amp; Reference Manual by Martin Watt<\/strong><\/p>\n<p><strong>-The Aromatherapy Workbook by Shirley Price<\/strong><\/p>\n<p><strong>-Aromatherapy<\/strong><br \/>\nVivian Lunnt MD<br \/>\n1997<br \/>\nISBN 0-86101 906 7<\/p>\n<p><strong>-&#8220;Aromatherapy for Healing the Spirit&#8221;<\/strong><br \/>\nGabriel Mojay<br \/>\nGaia Books Limited<br \/>\nISBN 0-8050-4496-<\/p>\n<p><strong>-&#8220;The Energetics of Western Herbs&#8221;<\/strong><br \/>\nAn Herbal Reference Integrating Western and Oriental Herbal Medecine Traditions\u00a0 Peter Holmes<br \/>\nVolume 1 en 2<br \/>\nSnow Lotus Press Boulder<br \/>\nISBN 0-9623477-4-4<\/p>\n<p><!--nextpage--><\/p>\n<p><strong><span style=\"font-size: 18pt;\">Deutsch:<\/span><\/strong><\/p>\n<p><strong>-&#8220;Himmlische Dufte&#8221;<\/strong><br \/>\nSuzanne Fischer-Rizzi<br \/>\nHugendubel<br \/>\nISBN 3-88034-415-9<\/p>\n<p><strong>-&#8220;Die ganzheitliche Duftberatung&#8221;<\/strong><br \/>\nInge Andres<br \/>\nFalken<br \/>\nISBN 3-8068-4777-0<\/p>\n<p><strong>-&#8220;Atherische Ole fur wohlbefinden, Schonheit und Gesundheit&#8221;<\/strong>Monika Werner<br \/>\n1996<br \/>\nISBN 3-7742-3370-5<\/p>\n<p><strong>-&#8220;Teebaum- Ole&#8221;<\/strong><br \/>\nRuth von Braunschweig<br \/>\n1996<br \/>\nISBN 3-7742-3191-5<\/p>\n<p><strong>-&#8220;PflanzenOle&#8221;<\/strong><br \/>\nRuth von Braunschweig<br \/>\n1998<br \/>\nISBN 3-7742-4170-8<\/p>\n<p><strong>-Duftpflanzen, Pflanzendufte, Atherische Ole und Riechstoffe<\/strong><br \/>\nRoth- Kormann<br \/>\n1996<br \/>\nISBN: 3_609_65140_7<\/p>\n<p><!--nextpage--><\/p>\n<p><strong><span style=\"font-size: 18pt;\">Nederlandstalig:<\/span><\/strong><\/p>\n<p><strong>-Etherische olien, Handboek voor aromatherapie,<\/strong><br \/>\nMichel Vanhove\u2011Geert Devlieghere<br \/>\n1993 De Eenhoorn bvba, Vlasstraat 17, Wielsbeke<br \/>\nISBN 90\u201173913\u201117\u20119<\/p>\n<p><strong>-Aromatherapie, John Kercher<\/strong><br \/>\nISBN 90389\u20110262x\/CIP<br \/>\nUitgeverij Elmar B.V, Rijswijk<\/p>\n<p><strong>-Essentiele olien en aromatherapie, Franca Siebers<\/strong><br \/>\nISBN 9065561315<br \/>\nUitgeverij De Ster, Breda, 1985<\/p>\n<p><strong>-&#8220;Kruiden, het complete naslagwerk voor het kweken en gebruiken&#8221;<\/strong>Lesley Bremness<br \/>\nISBN 90 6590 3356<\/p>\n<p><strong>-&#8220;Fytotherapeutisch compendium&#8221;<\/strong><br \/>\nJ. Van Hellemont<br \/>\nTweede druk<br \/>\nBohn Stafleu Van Loghum<br \/>\nHouten\/Zaventem 1988<br \/>\nISBN 90 3130905 2<\/p>\n<p><strong>-&#8220;Gebruik van Farmaceutische en volkse Geneeskruiden&#8221;<\/strong>L Vandenbussche<br \/>\nDerde Uitgave<br \/>\n1961 Menen<\/p>\n<p>&nbsp;<\/p>\n","protected":false},"excerpt":{"rendered":"<p>Bibliographie: Voici une bibliographie de livres int\u00e9ressants que j&#8217;ai utilis\u00e9 au cours des ann\u00e9es. Ceci n&#8217;est que le d\u00e9but, je dois rajouter beaucoup de nouveaut\u00e9s ici. On me demande souvent de donner des conseils pour l&#8217;achat d&#8217;un bon livre sur l&#8217;aromath\u00e9rapie, t\u00e2che difficile pour un professionnel comme moi (rarement compl\u00e8tement satisfait), mais j&#8217;essayerai de dresser &hellip; <a href=\"https:\/\/blog.vanhove.fr\/?page_id=777\" class=\"more-link\">Continue reading <span class=\"screen-reader-text\">Bibliographie<\/span> <span class=\"meta-nav\">&rarr;<\/span><\/a><\/p>\n","protected":false},"author":1,"featured_media":0,"parent":0,"menu_order":0,"comment_status":"open","ping_status":"closed","template":"","meta":{"footnotes":""},"class_list":["post-777","page","type-page","status-publish","hentry"],"_links":{"self":[{"href":"https:\/\/blog.vanhove.fr\/index.php?rest_route=\/wp\/v2\/pages\/777","targetHints":{"allow":["GET"]}}],"collection":[{"href":"https:\/\/blog.vanhove.fr\/index.php?rest_route=\/wp\/v2\/pages"}],"about":[{"href":"https:\/\/blog.vanhove.fr\/index.php?rest_route=\/wp\/v2\/types\/page"}],"author":[{"embeddable":true,"href":"https:\/\/blog.vanhove.fr\/index.php?rest_route=\/wp\/v2\/users\/1"}],"replies":[{"embeddable":true,"href":"https:\/\/blog.vanhove.fr\/index.php?rest_route=%2Fwp%2Fv2%2Fcomments&post=777"}],"version-history":[{"count":4,"href":"https:\/\/blog.vanhove.fr\/index.php?rest_route=\/wp\/v2\/pages\/777\/revisions"}],"predecessor-version":[{"id":844,"href":"https:\/\/blog.vanhove.fr\/index.php?rest_route=\/wp\/v2\/pages\/777\/revisions\/844"}],"wp:attachment":[{"href":"https:\/\/blog.vanhove.fr\/index.php?rest_route=%2Fwp%2Fv2%2Fmedia&parent=777"}],"curies":[{"name":"wp","href":"https:\/\/api.w.org\/{rel}","templated":true}]}}