{"id":1656,"date":"2017-09-30T11:13:17","date_gmt":"2017-09-30T11:13:17","guid":{"rendered":"http:\/\/blog.vanhove.fr\/?page_id=1656"},"modified":"2017-10-14T11:59:19","modified_gmt":"2017-10-14T11:59:19","slug":"reach","status":"publish","type":"page","link":"https:\/\/blog.vanhove.fr\/?page_id=1656","title":{"rendered":"Reach"},"content":{"rendered":"<p><span style=\"text-decoration: underline;\"><strong>Pourquoi des Fiches techniques, fiches de s\u00e9curit\u00e9 pour des produits naturels?<\/strong><\/span><\/p>\n<p>Je rajoute de plus en plus d&#8217;exemples de fiches techniques et autres fiches sur ce blog, car donnant pas mal d&#8217;informations utiles pour les professionnels, mais pouvant effrayer le consommateur non professionnel. Il est temps d&#8217;approfondir un peu ce sujet.<span style=\"text-decoration: underline;\"><strong><br \/>\n<\/strong><\/span><\/p>\n<p>La l\u00e9gislation REACH:<br \/>\n<em><strong>&#8220;REACH est un r\u00e8glement de l&#8217;Union europ\u00e9enne adopt\u00e9 pour mieux prot\u00e9ger la sant\u00e9 humaine et l&#8217;environnement contre les risques li\u00e9s aux substances chimiques, tout en favorisant la comp\u00e9titivit\u00e9 de l&#8217;industrie chimique de l&#8217;UE. Il encourage \u00e9galement des m\u00e9thodes alternatives pour l&#8217;\u00e9valuation des dangers li\u00e9s aux substances afin de r\u00e9duire le nombre d&#8217;essais sur animaux.&#8221;\u00a0 <a href=\"https:\/\/echa.europa.eu\/fr\/regulations\/reach\" target=\"_blank\" rel=\"noopener\">REACH-ECH<\/a><\/strong><\/em><\/p>\n<p>Le probl\u00e8me est que l&#8217;UE \u00e0 d\u00e9cid\u00e9 que les huiles essentielles sont aussi des produits chimiques, auquel il faut appliquer cette l\u00e9gislation!<\/p>\n<p><strong>Probl\u00e8me:<\/strong><br \/>\nCertains produits, comme le <a href=\"https:\/\/fr.wikipedia.org\/wiki\/Tolu%C3%A8ne\" target=\"_blank\" rel=\"noopener\">Tollu\u00e8ne<\/a> sont faciles \u00e0 placer:<br \/>\n<em>&#8220;Le nom de tolu\u00e8ne d\u00e9rive du nom plus ancien tolu\u00f6l qui fait r\u00e9f\u00e9rence \u00e0 l&#8217;extrait de tolu, un extrait aromatique issu d&#8217;un arbre tropical\u00a0: le <a title=\"Baumier du P\u00e9rou\" href=\"https:\/\/fr.wikipedia.org\/wiki\/Baumier_du_P%C3%A9rou\">baumier du P\u00e9rou<\/a>.<sup class=\"need_ref_tag\"><a title=\"Aide:R\u00e9f\u00e9rence n\u00e9cessaire\" href=\"https:\/\/fr.wikipedia.org\/wiki\/Aide:R%C3%A9f%C3%A9rence_n%C3%A9cessaire\">[r\u00e9f.\u00a0n\u00e9cessaire]<\/a><\/sup> On doit ce nom au chimiste su\u00e9dois <a title=\"J\u00f6ns Jacob Berzelius\" href=\"https:\/\/fr.wikipedia.org\/wiki\/J%C3%B6ns_Jacob_Berzelius\">J\u00f6ns Jacob Berzelius<\/a>. Sa synth\u00e8se fut d\u00e9couverte par <a title=\"Rudolph Fittig\" href=\"https:\/\/fr.wikipedia.org\/wiki\/Rudolph_Fittig\">Rudolph Fittig<\/a>&#8221;<br \/>\nLe Tollu\u00e8ne est donc clairement un produit de synth\u00e8se, ou &#8220;chimique&#8221; si on veut.<\/em><\/p>\n<p><strong>Mais les huiles essentielles? Quel est leur nature?<\/strong><\/p>\n<p>La l\u00e9gislation de l&#8217;UE \u00e0 eu des difficult\u00e9s \u00e0 &#8220;coincer&#8221; ces produits dans sa l\u00e9gislation, et les confusions\/inexactitudes persistent:<br \/>\nles huiles essentielles ne sont pas du tout &#8220;chimiques&#8221; ou des produits de synth\u00e8se, mais des simples extractions par pression ou par vapeur de plantes naturelles.<\/p>\n<p>Elles peuvent \u00eatre:<\/p>\n<p>1 <strong>des produits alimentaires:<\/strong><br \/>\nutilisables comme ar\u00f4me, peuvent recevoir le label Bio Europ\u00e9en: seuls des produits alimentaires peuvent \u00eatre certifi\u00e9es!<\/p>\n<p>2 <strong>des produits cosm\u00e9tiques:<br \/>\n<\/strong>car entrant dans la composition de lotions, parfums, cr\u00e8mes etc&#8230;<br \/>\nCes produits ne sont pas\/plus de produits alimentaires: pas de certification Bio possible! (mis \u00e0 part des labels priv\u00e9s Bio-cosm\u00e9tiques\u00a0<a href=\"http:\/\/www.pole-cosmetique.fr\/reglementation-cosmetique\/certification-biologique.html\" target=\"_blank\" rel=\"noopener\"> voir ici<\/a>)<\/p>\n<p>3 <strong>des produits pharmaceutiques<\/strong><br \/>\ncar toujours d\u00e9crit dans la <a href=\"http:\/\/www.ethnopharmacologia.org\/documentation\/les-plantes-pharmacopee-francaise\/\" target=\"_blank\" rel=\"noopener\">pharmacop\u00e9e fran\u00e7aise<\/a><\/p>\n<p>La tr\u00e8s sage commission Europ\u00e9enne \u00e0 trouv\u00e9 la r\u00e9ponse magique:<br \/>\nl&#8217;huile essentielle sera ce que vous d\u00e9clarez qu&#8217;elle soit!<br \/>\nC&#8217;est \u00e0 dire: si vous la d\u00e9clarez comme\u00a0 <a href=\"https:\/\/www.senat.fr\/questions\/base\/2012\/qSEQ121002315.html\" target=\"_blank\" rel=\"noopener\">destin\u00e9es<\/a> pour &#8220;l&#8217;alimentaire&#8221;, vous serez sous le coup des lois alimentaires, <a href=\"https:\/\/www.economie.gouv.fr\/cedef\/taux-tva-france-et-union-europeenne\" target=\"_blank\" rel=\"noopener\">un taux de TVA<\/a> r\u00e9duit \u00e0 5,5, pas besoin de mentionner des logos de t\u00eate de mort associ\u00e9es aux poisons et produits chimiques!<\/p>\n<p>Si vous utilisez les huiles essentielles dans des cosm\u00e9tiques vous tomberez sous la l\u00e9gislation des produits chimiques de REACH:<br \/>\nn\u00e9cessit\u00e9 d&#8217;apposer les logos des dangers, des allerg\u00e8nes etc&#8230;<br \/>\nLe taux de la TVA grimpe alors \u00e0 20% en France.<\/p>\n<p>Si vous les d\u00e9clarez comme des m\u00e9dicaments ou des produits pharmaceutiques: vente exclusif pharmacie!<\/p>\n<p><strong>Conclusion:<\/strong><br \/>\nL&#8217;utilisation d\u00e9termine la &#8220;nature&#8221; de l&#8217;huile essentielle, l&#8217;aromath\u00e9rapie qui utilise toutes les possibilit\u00e9s se voit oblig\u00e9 \u00e0 se soumettre \u00e0 la l\u00e9gislation des produits chimiques et arrive alors aux horreurs que l&#8217;on peut trouver dans la Fiche Technique du zeste d&#8217;orange bio (mention obligatoire):<\/p>\n<p><em><strong>Danger: H304 Peut \u00eatre mortel en cas d&#8217;ingestion et de p\u00e9n\u00e9tration dans les voies respiratoires.<\/strong><\/em><\/p>\n<p>Pas \u00e9tonnant que de plus en plus de personnes nous contactent, effray\u00e9es d&#8217;avoir mis quelques gouttes de zeste d&#8217;orange bio dans leur dessert, et craignant l&#8217;empoisonnement!<br \/>\nOp\u00e9ration r\u00e9ussie pour diaboliser des produits naturels mill\u00e9naires en les mettant au m\u00eame niveau des produits chimiques!<em><strong><br \/>\nJe reviendrai sur la v\u00e9ritable toxicit\u00e9 dans d&#8217;autres textes.<\/strong><\/em><\/p>\n<p>Michel Vanhove<br \/>\n30\/09\/2017<\/p>\n","protected":false},"excerpt":{"rendered":"<p>Pourquoi des Fiches techniques, fiches de s\u00e9curit\u00e9 pour des produits naturels? Je rajoute de plus en plus d&#8217;exemples de fiches techniques et autres fiches sur ce blog, car donnant pas mal d&#8217;informations utiles pour les professionnels, mais pouvant effrayer le consommateur non professionnel. Il est temps d&#8217;approfondir un peu ce sujet. La l\u00e9gislation REACH: &#8220;REACH &hellip; <a href=\"https:\/\/blog.vanhove.fr\/?page_id=1656\" class=\"more-link\">Continue reading <span class=\"screen-reader-text\">Reach<\/span> <span class=\"meta-nav\">&rarr;<\/span><\/a><\/p>\n","protected":false},"author":1,"featured_media":0,"parent":0,"menu_order":0,"comment_status":"closed","ping_status":"closed","template":"","meta":{"footnotes":""},"class_list":["post-1656","page","type-page","status-publish","hentry"],"_links":{"self":[{"href":"https:\/\/blog.vanhove.fr\/index.php?rest_route=\/wp\/v2\/pages\/1656","targetHints":{"allow":["GET"]}}],"collection":[{"href":"https:\/\/blog.vanhove.fr\/index.php?rest_route=\/wp\/v2\/pages"}],"about":[{"href":"https:\/\/blog.vanhove.fr\/index.php?rest_route=\/wp\/v2\/types\/page"}],"author":[{"embeddable":true,"href":"https:\/\/blog.vanhove.fr\/index.php?rest_route=\/wp\/v2\/users\/1"}],"replies":[{"embeddable":true,"href":"https:\/\/blog.vanhove.fr\/index.php?rest_route=%2Fwp%2Fv2%2Fcomments&post=1656"}],"version-history":[{"count":11,"href":"https:\/\/blog.vanhove.fr\/index.php?rest_route=\/wp\/v2\/pages\/1656\/revisions"}],"predecessor-version":[{"id":1667,"href":"https:\/\/blog.vanhove.fr\/index.php?rest_route=\/wp\/v2\/pages\/1656\/revisions\/1667"}],"wp:attachment":[{"href":"https:\/\/blog.vanhove.fr\/index.php?rest_route=%2Fwp%2Fv2%2Fmedia&parent=1656"}],"curies":[{"name":"wp","href":"https:\/\/api.w.org\/{rel}","templated":true}]}}